{"id":613,"date":"2025-11-06T12:05:06","date_gmt":"2025-11-06T12:05:06","guid":{"rendered":"https:\/\/ambipromo.com\/?page_id=613"},"modified":"2025-11-13T18:51:11","modified_gmt":"2025-11-13T18:51:11","slug":"resolucao-de-litigios","status":"publish","type":"page","link":"http:\/\/fit-yellow-chameleon.62-193-192-118.cpanel.site\/ambipromo\/lp_pt\/resolucao-de-litigios\/","title":{"rendered":"Resolu\u00e7\u00e3o de Lit\u00edgios"},"content":{"rendered":"\t\t<div data-elementor-type=\"wp-page\" data-elementor-id=\"613\" class=\"elementor elementor-613\">\n\t\t\t\t<div class=\"elementor-element elementor-element-42e412a e-flex e-con-boxed e-con e-parent\" data-id=\"42e412a\" data-element_type=\"container\">\n\t\t\t\t\t<div class=\"e-con-inner\">\n\t\t\t\t<div class=\"elementor-element elementor-element-dcbcc50 elementor-widget elementor-widget-text-editor\" data-id=\"dcbcc50\" data-element_type=\"widget\" data-widget_type=\"text-editor.default\">\n\t\t\t\t\t\t\t\t\t<p><strong>RAL<\/strong><br \/>Em caso de lit\u00edgio o consumidor pode recorrer a uma entidade de Resolu\u00e7\u00e3o Alternativa de Lit\u00edgios de Consumo (RAL). As entidades de Resolu\u00e7\u00e3o Alternativa de Lit\u00edgios de Consumo (RAL) s\u00e3o as entidades autorizadas a efetuar a media\u00e7\u00e3o, concilia\u00e7\u00e3o e arbitragem de lit\u00edgios de consumo em Portugal que estejam inscritas na lista de entidades RAL prevista pela Lei n.\u00ba 144\/2015.<\/p><p>Consulte em www.ipai.pt\/fotos\/gca\/i006245_1459446712.pdf<\/p><p><strong>RLL<\/strong><br \/>O consumidor pode recorrer \u00e0 plataforma europeia de resolu\u00e7\u00e3o de lit\u00edgios em linha dispon\u00edvel em ec.europa.eu\/consumers\/odr\/main\/index.cfm?event=main.home2.show&amp;lng=PT<\/p>\t\t\t\t\t\t\t\t<\/div>\n\t\t\t\t\t<\/div>\n\t\t\t\t<\/div>\n\t\t\t\t<\/div>\n\t\t","protected":false},"excerpt":{"rendered":"<p>RALEm caso de lit\u00edgio o consumidor pode recorrer a uma entidade de Resolu\u00e7\u00e3o Alternativa de Lit\u00edgios de Consumo (RAL). As entidades de Resolu\u00e7\u00e3o Alternativa de Lit\u00edgios de Consumo (RAL) s\u00e3o as entidades autorizadas a efetuar a media\u00e7\u00e3o, concilia\u00e7\u00e3o e arbitragem de lit\u00edgios de consumo em Portugal que estejam inscritas na lista de entidades RAL prevista [&hellip;]<\/p>\n","protected":false},"author":1,"featured_media":0,"parent":0,"menu_order":0,"comment_status":"closed","ping_status":"closed","template":"","meta":{"footnotes":""},"class_list":["post-613","page","type-page","status-publish","hentry"],"yoast_head":"<!-- This site is optimized with the Yoast SEO plugin v27.5 - https:\/\/yoast.com\/product\/yoast-seo-wordpress\/ -->\n<title>Resolu\u00e7\u00e3o de Lit\u00edgios - Ambipromo<\/title>\n<meta name=\"description\" content=\"Copos reutiliz\u00e1veis personalizados, produzidos na UE de forma sustent\u00e1vel. Ideal para eventos, hotelaria e restaura\u00e7\u00e3o. Pe\u00e7a or\u00e7amento hoje.\" \/>\n<meta name=\"robots\" content=\"noindex, follow\" \/>\n<meta property=\"og:locale\" content=\"pt_PT\" \/>\n<meta property=\"og:type\" content=\"article\" \/>\n<meta property=\"og:title\" content=\"Resolu\u00e7\u00e3o de Lit\u00edgios - Ambipromo\" \/>\n<meta property=\"og:description\" content=\"Copos reutiliz\u00e1veis personalizados, produzidos na UE de forma sustent\u00e1vel. Ideal para eventos, hotelaria e restaura\u00e7\u00e3o. Pe\u00e7a or\u00e7amento hoje.\" \/>\n<meta property=\"og:url\" content=\"http:\/\/fit-yellow-chameleon.62-193-192-118.cpanel.site\/ambipromo\/lp_pt\/resolucao-de-litigios\/\" \/>\n<meta property=\"og:site_name\" content=\"Ambipromo\" \/>\n<meta property=\"article:publisher\" content=\"https:\/\/www.facebook.com\/ambipromo\" \/>\n<meta property=\"article:modified_time\" content=\"2025-11-13T18:51:11+00:00\" \/>\n<meta name=\"twitter:card\" content=\"summary_large_image\" \/>\n<meta name=\"twitter:label1\" content=\"Tempo estimado de leitura\" \/>\n\t<meta name=\"twitter:data1\" content=\"1 minuto\" \/>\n<script type=\"application\/ld+json\" class=\"yoast-schema-graph\">{\"@context\":\"https:\\\/\\\/schema.org\",\"@graph\":[{\"@type\":\"WebPage\",\"@id\":\"http:\\\/\\\/fit-yellow-chameleon.62-193-192-118.cpanel.site\\\/ambipromo\\\/lp_pt\\\/resolucao-de-litigios\\\/\",\"url\":\"http:\\\/\\\/fit-yellow-chameleon.62-193-192-118.cpanel.site\\\/ambipromo\\\/lp_pt\\\/resolucao-de-litigios\\\/\",\"name\":\"Resolu\u00e7\u00e3o de Lit\u00edgios - Ambipromo\",\"isPartOf\":{\"@id\":\"http:\\\/\\\/fit-yellow-chameleon.62-193-192-118.cpanel.site\\\/ambipromo\\\/lp_pt\\\/#website\"},\"datePublished\":\"2025-11-06T12:05:06+00:00\",\"dateModified\":\"2025-11-13T18:51:11+00:00\",\"description\":\"Copos reutiliz\u00e1veis personalizados, produzidos na UE de forma sustent\u00e1vel. Ideal para eventos, hotelaria e restaura\u00e7\u00e3o. Pe\u00e7a or\u00e7amento hoje.\",\"breadcrumb\":{\"@id\":\"http:\\\/\\\/fit-yellow-chameleon.62-193-192-118.cpanel.site\\\/ambipromo\\\/lp_pt\\\/resolucao-de-litigios\\\/#breadcrumb\"},\"inLanguage\":\"pt-PT\",\"potentialAction\":[{\"@type\":\"ReadAction\",\"target\":[\"http:\\\/\\\/fit-yellow-chameleon.62-193-192-118.cpanel.site\\\/ambipromo\\\/lp_pt\\\/resolucao-de-litigios\\\/\"]}]},{\"@type\":\"BreadcrumbList\",\"@id\":\"http:\\\/\\\/fit-yellow-chameleon.62-193-192-118.cpanel.site\\\/ambipromo\\\/lp_pt\\\/resolucao-de-litigios\\\/#breadcrumb\",\"itemListElement\":[{\"@type\":\"ListItem\",\"position\":1,\"name\":\"In\u00edcio\",\"item\":\"http:\\\/\\\/fit-yellow-chameleon.62-193-192-118.cpanel.site\\\/ambipromo\\\/lp_pt\\\/\"},{\"@type\":\"ListItem\",\"position\":2,\"name\":\"Resolu\u00e7\u00e3o de Lit\u00edgios\"}]},{\"@type\":\"WebSite\",\"@id\":\"http:\\\/\\\/fit-yellow-chameleon.62-193-192-118.cpanel.site\\\/ambipromo\\\/lp_pt\\\/#website\",\"url\":\"http:\\\/\\\/fit-yellow-chameleon.62-193-192-118.cpanel.site\\\/ambipromo\\\/lp_pt\\\/\",\"name\":\"Ambipromo\",\"description\":\"Copos reutiliz\u00e1veis e sustent\u00e1veis\",\"publisher\":{\"@id\":\"http:\\\/\\\/fit-yellow-chameleon.62-193-192-118.cpanel.site\\\/ambipromo\\\/lp_pt\\\/#organization\"},\"potentialAction\":[{\"@type\":\"SearchAction\",\"target\":{\"@type\":\"EntryPoint\",\"urlTemplate\":\"http:\\\/\\\/fit-yellow-chameleon.62-193-192-118.cpanel.site\\\/ambipromo\\\/lp_pt\\\/?s={search_term_string}\"},\"query-input\":{\"@type\":\"PropertyValueSpecification\",\"valueRequired\":true,\"valueName\":\"search_term_string\"}}],\"inLanguage\":\"pt-PT\"},{\"@type\":\"Organization\",\"@id\":\"http:\\\/\\\/fit-yellow-chameleon.62-193-192-118.cpanel.site\\\/ambipromo\\\/lp_pt\\\/#organization\",\"name\":\"Ambipromo \u2013 Solu\u00e7\u00f5es Ecol\u00f3gicas Lda.\",\"url\":\"http:\\\/\\\/fit-yellow-chameleon.62-193-192-118.cpanel.site\\\/ambipromo\\\/lp_pt\\\/\",\"logo\":{\"@type\":\"ImageObject\",\"inLanguage\":\"pt-PT\",\"@id\":\"http:\\\/\\\/fit-yellow-chameleon.62-193-192-118.cpanel.site\\\/ambipromo\\\/lp_pt\\\/#\\\/schema\\\/logo\\\/image\\\/\",\"url\":\"http:\\\/\\\/fit-yellow-chameleon.62-193-192-118.cpanel.site\\\/ambipromo\\\/lp_pt\\\/wp-content\\\/uploads\\\/2025\\\/10\\\/logo.webp\",\"contentUrl\":\"http:\\\/\\\/fit-yellow-chameleon.62-193-192-118.cpanel.site\\\/ambipromo\\\/lp_pt\\\/wp-content\\\/uploads\\\/2025\\\/10\\\/logo.webp\",\"width\":600,\"height\":116,\"caption\":\"Ambipromo \u2013 Solu\u00e7\u00f5es Ecol\u00f3gicas Lda.\"},\"image\":{\"@id\":\"http:\\\/\\\/fit-yellow-chameleon.62-193-192-118.cpanel.site\\\/ambipromo\\\/lp_pt\\\/#\\\/schema\\\/logo\\\/image\\\/\"},\"sameAs\":[\"https:\\\/\\\/www.facebook.com\\\/ambipromo\",\"https:\\\/\\\/www.instagram.com\\\/ambipromo.pt\\\/\"]}]}<\/script>\n<!-- \/ Yoast SEO plugin. -->","yoast_head_json":{"title":"Resolu\u00e7\u00e3o de Lit\u00edgios - Ambipromo","description":"Copos reutiliz\u00e1veis personalizados, produzidos na UE de forma sustent\u00e1vel. Ideal para eventos, hotelaria e restaura\u00e7\u00e3o. Pe\u00e7a or\u00e7amento hoje.","robots":{"index":"noindex","follow":"follow"},"og_locale":"pt_PT","og_type":"article","og_title":"Resolu\u00e7\u00e3o de Lit\u00edgios - Ambipromo","og_description":"Copos reutiliz\u00e1veis personalizados, produzidos na UE de forma sustent\u00e1vel. Ideal para eventos, hotelaria e restaura\u00e7\u00e3o. Pe\u00e7a or\u00e7amento hoje.","og_url":"http:\/\/fit-yellow-chameleon.62-193-192-118.cpanel.site\/ambipromo\/lp_pt\/resolucao-de-litigios\/","og_site_name":"Ambipromo","article_publisher":"https:\/\/www.facebook.com\/ambipromo","article_modified_time":"2025-11-13T18:51:11+00:00","twitter_card":"summary_large_image","twitter_misc":{"Tempo estimado de leitura":"1 minuto"},"schema":{"@context":"https:\/\/schema.org","@graph":[{"@type":"WebPage","@id":"http:\/\/fit-yellow-chameleon.62-193-192-118.cpanel.site\/ambipromo\/lp_pt\/resolucao-de-litigios\/","url":"http:\/\/fit-yellow-chameleon.62-193-192-118.cpanel.site\/ambipromo\/lp_pt\/resolucao-de-litigios\/","name":"Resolu\u00e7\u00e3o de Lit\u00edgios - Ambipromo","isPartOf":{"@id":"http:\/\/fit-yellow-chameleon.62-193-192-118.cpanel.site\/ambipromo\/lp_pt\/#website"},"datePublished":"2025-11-06T12:05:06+00:00","dateModified":"2025-11-13T18:51:11+00:00","description":"Copos reutiliz\u00e1veis personalizados, produzidos na UE de forma sustent\u00e1vel. Ideal para eventos, hotelaria e restaura\u00e7\u00e3o. Pe\u00e7a or\u00e7amento hoje.","breadcrumb":{"@id":"http:\/\/fit-yellow-chameleon.62-193-192-118.cpanel.site\/ambipromo\/lp_pt\/resolucao-de-litigios\/#breadcrumb"},"inLanguage":"pt-PT","potentialAction":[{"@type":"ReadAction","target":["http:\/\/fit-yellow-chameleon.62-193-192-118.cpanel.site\/ambipromo\/lp_pt\/resolucao-de-litigios\/"]}]},{"@type":"BreadcrumbList","@id":"http:\/\/fit-yellow-chameleon.62-193-192-118.cpanel.site\/ambipromo\/lp_pt\/resolucao-de-litigios\/#breadcrumb","itemListElement":[{"@type":"ListItem","position":1,"name":"In\u00edcio","item":"http:\/\/fit-yellow-chameleon.62-193-192-118.cpanel.site\/ambipromo\/lp_pt\/"},{"@type":"ListItem","position":2,"name":"Resolu\u00e7\u00e3o de Lit\u00edgios"}]},{"@type":"WebSite","@id":"http:\/\/fit-yellow-chameleon.62-193-192-118.cpanel.site\/ambipromo\/lp_pt\/#website","url":"http:\/\/fit-yellow-chameleon.62-193-192-118.cpanel.site\/ambipromo\/lp_pt\/","name":"Ambipromo","description":"Copos reutiliz\u00e1veis e sustent\u00e1veis","publisher":{"@id":"http:\/\/fit-yellow-chameleon.62-193-192-118.cpanel.site\/ambipromo\/lp_pt\/#organization"},"potentialAction":[{"@type":"SearchAction","target":{"@type":"EntryPoint","urlTemplate":"http:\/\/fit-yellow-chameleon.62-193-192-118.cpanel.site\/ambipromo\/lp_pt\/?s={search_term_string}"},"query-input":{"@type":"PropertyValueSpecification","valueRequired":true,"valueName":"search_term_string"}}],"inLanguage":"pt-PT"},{"@type":"Organization","@id":"http:\/\/fit-yellow-chameleon.62-193-192-118.cpanel.site\/ambipromo\/lp_pt\/#organization","name":"Ambipromo \u2013 Solu\u00e7\u00f5es Ecol\u00f3gicas Lda.","url":"http:\/\/fit-yellow-chameleon.62-193-192-118.cpanel.site\/ambipromo\/lp_pt\/","logo":{"@type":"ImageObject","inLanguage":"pt-PT","@id":"http:\/\/fit-yellow-chameleon.62-193-192-118.cpanel.site\/ambipromo\/lp_pt\/#\/schema\/logo\/image\/","url":"http:\/\/fit-yellow-chameleon.62-193-192-118.cpanel.site\/ambipromo\/lp_pt\/wp-content\/uploads\/2025\/10\/logo.webp","contentUrl":"http:\/\/fit-yellow-chameleon.62-193-192-118.cpanel.site\/ambipromo\/lp_pt\/wp-content\/uploads\/2025\/10\/logo.webp","width":600,"height":116,"caption":"Ambipromo \u2013 Solu\u00e7\u00f5es Ecol\u00f3gicas Lda."},"image":{"@id":"http:\/\/fit-yellow-chameleon.62-193-192-118.cpanel.site\/ambipromo\/lp_pt\/#\/schema\/logo\/image\/"},"sameAs":["https:\/\/www.facebook.com\/ambipromo","https:\/\/www.instagram.com\/ambipromo.pt\/"]}]}},"_links":{"self":[{"href":"http:\/\/fit-yellow-chameleon.62-193-192-118.cpanel.site\/ambipromo\/lp_pt\/wp-json\/wp\/v2\/pages\/613","targetHints":{"allow":["GET"]}}],"collection":[{"href":"http:\/\/fit-yellow-chameleon.62-193-192-118.cpanel.site\/ambipromo\/lp_pt\/wp-json\/wp\/v2\/pages"}],"about":[{"href":"http:\/\/fit-yellow-chameleon.62-193-192-118.cpanel.site\/ambipromo\/lp_pt\/wp-json\/wp\/v2\/types\/page"}],"author":[{"embeddable":true,"href":"http:\/\/fit-yellow-chameleon.62-193-192-118.cpanel.site\/ambipromo\/lp_pt\/wp-json\/wp\/v2\/users\/1"}],"replies":[{"embeddable":true,"href":"http:\/\/fit-yellow-chameleon.62-193-192-118.cpanel.site\/ambipromo\/lp_pt\/wp-json\/wp\/v2\/comments?post=613"}],"version-history":[{"count":8,"href":"http:\/\/fit-yellow-chameleon.62-193-192-118.cpanel.site\/ambipromo\/lp_pt\/wp-json\/wp\/v2\/pages\/613\/revisions"}],"predecessor-version":[{"id":760,"href":"http:\/\/fit-yellow-chameleon.62-193-192-118.cpanel.site\/ambipromo\/lp_pt\/wp-json\/wp\/v2\/pages\/613\/revisions\/760"}],"wp:attachment":[{"href":"http:\/\/fit-yellow-chameleon.62-193-192-118.cpanel.site\/ambipromo\/lp_pt\/wp-json\/wp\/v2\/media?parent=613"}],"curies":[{"name":"wp","href":"https:\/\/api.w.org\/{rel}","templated":true}]}}